{"id":9029,"date":"2023-03-03T13:12:37","date_gmt":"2023-03-03T13:12:37","guid":{"rendered":"https:\/\/www.trib.se\/?page_id=9029"},"modified":"2023-03-03T13:12:38","modified_gmt":"2023-03-03T13:12:38","slug":"lediga-jobb-inom-design","status":"publish","type":"page","link":"https:\/\/www.trib.se\/sv\/omraden\/design\/lediga-jobb-inom-design\/","title":{"rendered":"Lediga jobb inom design"},"content":{"rendered":"\n<section class=\"job-feed-basic pt-8 xl:pt-32 pb-32 xl:pb-64 bg-darkness text-white\">\n\n    <div class=\"holder\">\n\n        <div class=\"intro-content-holder\">\n            <h2 class=\"font-zuka text-32px md:text-48px xl:text-56px huge:text-80px leading-none mb-6\">Lediga jobb <span class=\"font-spirit\">inom design<\/span><\/h2>\n            <div class=\"font-zuka md:text-18px xl:text-20px huge:text-24px\">\n                <p>Vi p\u00e5 Trib \u00e4lskar design och designers som brinner f\u00f6r sitt yrke. Vi ser det som att vi g\u00f6r v\u00e4rlden lite finare och lite mer anv\u00e4ndarv\u00e4nlig f\u00f6r varje designrekrytering.<\/p>\n            <\/div>\n            \n                <a class=\"btn small full-rounded inline-block purple mt-12\" href=\"https:\/\/www.trib.se\/sv\/jobb\/\" target=\"\">Alla jobb<\/a>\n\n                    <\/div>\n\n    <\/div>\n\n        \n            <div class=\"mt-16 md:mt-32 has-read-more\">\n\n                <div class=\"border-t border-white\">\n\n                    \n                        <a class=\"py-10 block border-b border-white list-hover dark-list\" href=\"https:\/\/www.trib.se\/sv\/jobs\/ux-designer-15\/\">\n                            <div class=\"holder\">\n                                <h3 class=\"font-spirit text-48px md:text-72px xl:text-88px huge:text-120px leading-none mb-6 special-letter-spacing text-neon\">UX Designer<\/h3>\n                                <div class=\"md:flex items-center\">\n                                    <p class=\"leading-none text-18px mb-4 md:mb-0 md:text-22px xl:text-24px huge:text-30px mr-6\">Above<\/p>\n                                    <div class=\"flex items-center\">\n                                        <span class=\"text-14px md:text-base mini-tag uppercase full-rounded mr-6 border border-white\">permanent<\/span>\n                                        \n                                            <span class=\"text-14px hidden md:text-base mini-tag uppercase mr-6 border border-white\">Design<\/span>\n\n                                        \n                                            <span class=\"text-14px hidden md:text-base mini-tag uppercase mr-6 border border-white\">Malm\u00f6<\/span>\n\n                                        \n                                            <span class=\"text-14px hidden md:text-base mini-tag uppercase mr-6 border border-white\">Stockholm<\/span>\n\n                                                                            <\/div>\n\n                                <\/div>\n                            <\/div>\n                        <\/a>\n\n                    \n                        <a class=\"py-10 block border-b border-white list-hover dark-list\" href=\"https:\/\/www.trib.se\/sv\/jobs\/design-director-above\/\">\n                            <div class=\"holder\">\n                                <h3 class=\"font-spirit text-48px md:text-72px xl:text-88px huge:text-120px leading-none mb-6 special-letter-spacing text-neon\">Design Director (visual\/digital)<\/h3>\n                                <div class=\"md:flex items-center\">\n                                    <p class=\"leading-none text-18px mb-4 md:mb-0 md:text-22px xl:text-24px huge:text-30px mr-6\">Above<\/p>\n                                    <div class=\"flex items-center\">\n                                        <span class=\"text-14px md:text-base mini-tag uppercase full-rounded mr-6 border border-white\">permanent<\/span>\n                                        \n                                            <span class=\"text-14px hidden md:text-base mini-tag uppercase mr-6 border border-white\">Design<\/span>\n\n                                        \n                                            <span class=\"text-14px hidden md:text-base mini-tag uppercase mr-6 border border-white\">Malm\u00f6<\/span>\n\n                                        \n                                            <span class=\"text-14px hidden md:text-base mini-tag uppercase mr-6 border border-white\">Stockholm<\/span>\n\n                                                                            <\/div>\n\n                                <\/div>\n                            <\/div>\n                        <\/a>\n\n                    \n                        <a class=\"py-10 block border-b border-white list-hover dark-list\" href=\"https:\/\/www.trib.se\/sv\/jobs\/ux-director\/\">\n                            <div class=\"holder\">\n                                <h3 class=\"font-spirit text-48px md:text-72px xl:text-88px huge:text-120px leading-none mb-6 special-letter-spacing text-neon\">UX Director<\/h3>\n                                <div class=\"md:flex items-center\">\n                                    <p class=\"leading-none text-18px mb-4 md:mb-0 md:text-22px xl:text-24px huge:text-30px mr-6\">Above<\/p>\n                                    <div class=\"flex items-center\">\n                                        <span class=\"text-14px md:text-base mini-tag uppercase full-rounded mr-6 border border-white\">permanent<\/span>\n                                        \n                                            <span class=\"text-14px hidden md:text-base mini-tag uppercase mr-6 border border-white\">Design<\/span>\n\n                                        \n                                            <span class=\"text-14px hidden md:text-base mini-tag uppercase mr-6 border border-white\">Stockholm<\/span>\n\n                                                                            <\/div>\n\n                                <\/div>\n                            <\/div>\n                        <\/a>\n\n                    \n                        <a class=\"py-10 block border-b border-white list-hover dark-list\" href=\"https:\/\/www.trib.se\/sv\/jobs\/program-manager\/\">\n                            <div class=\"holder\">\n                                <h3 class=\"font-spirit text-48px md:text-72px xl:text-88px huge:text-120px leading-none mb-6 special-letter-spacing text-neon\">Program Manager<\/h3>\n                                <div class=\"md:flex items-center\">\n                                    <p class=\"leading-none text-18px mb-4 md:mb-0 md:text-22px xl:text-24px huge:text-30px mr-6\">Edenspiekermann<\/p>\n                                    <div class=\"flex items-center\">\n                                        <span class=\"text-14px md:text-base mini-tag uppercase full-rounded mr-6 border border-white\">permanent<\/span>\n                                        \n                                            <span class=\"text-14px hidden md:text-base mini-tag uppercase mr-6 border border-white\">Automotive<\/span>\n\n                                        \n                                            <span class=\"text-14px hidden md:text-base mini-tag uppercase mr-6 border border-white\">Design<\/span>\n\n                                        \n                                            <span class=\"text-14px hidden md:text-base mini-tag uppercase mr-6 border border-white\">HMI<\/span>\n\n                                        \n                                            <span class=\"text-14px hidden md:text-base mini-tag uppercase mr-6 border border-white\">Leadership<\/span>\n\n                                        \n                                            <span class=\"text-14px hidden md:text-base mini-tag uppercase mr-6 border border-white\">Project Manager<\/span>\n\n                                                                            <\/div>\n\n                                <\/div>\n                            <\/div>\n                        <\/a>\n\n                    \n                <\/div>\n                <div id=\"read-more\" class=\"inline read-more text-32px leading-none bg-neon text-darkness rounded\">Read more<\/div>\n            <\/div>\n\n        \n<\/section>\n","protected":false},"excerpt":{"rendered":"","protected":false},"author":1,"featured_media":0,"parent":8476,"menu_order":0,"comment_status":"closed","ping_status":"closed","template":"","meta":{"_acf_changed":false,"footnotes":""},"class_list":["post-9029","page","type-page","status-publish","hentry"],"acf":[],"yoast_head":"<!-- This site is optimized with the Yoast SEO plugin v27.4 - https:\/\/yoast.com\/product\/yoast-seo-wordpress\/ -->\n<title>Lediga jobb inom design - Trib<\/title>\n<meta name=\"robots\" content=\"index, follow, max-snippet:-1, max-image-preview:large, max-video-preview:-1\" \/>\n<link rel=\"canonical\" href=\"https:\/\/www.trib.se\/sv\/omraden\/design\/lediga-jobb-inom-design\/\" \/>\n<meta property=\"og:locale\" content=\"sv_SE\" \/>\n<meta property=\"og:type\" content=\"article\" \/>\n<meta property=\"og:title\" content=\"Lediga jobb inom design - Trib\" \/>\n<meta property=\"og:url\" content=\"https:\/\/www.trib.se\/sv\/omraden\/design\/lediga-jobb-inom-design\/\" \/>\n<meta property=\"og:site_name\" content=\"Trib\" \/>\n<meta property=\"article:modified_time\" content=\"2023-03-03T13:12:38+00:00\" \/>\n<meta property=\"og:image\" content=\"https:\/\/www.trib.se\/wp-content\/uploads\/2022\/08\/og_image.jpg\" \/>\n\t<meta property=\"og:image:width\" content=\"1200\" \/>\n\t<meta property=\"og:image:height\" content=\"637\" \/>\n\t<meta property=\"og:image:type\" content=\"image\/jpeg\" \/>\n<meta name=\"twitter:card\" content=\"summary_large_image\" \/>\n<script type=\"application\/ld+json\" class=\"yoast-schema-graph\">{\"@context\":\"https:\\\/\\\/schema.org\",\"@graph\":[{\"@type\":\"WebPage\",\"@id\":\"https:\\\/\\\/www.trib.se\\\/sv\\\/omraden\\\/design\\\/lediga-jobb-inom-design\\\/\",\"url\":\"https:\\\/\\\/www.trib.se\\\/sv\\\/omraden\\\/design\\\/lediga-jobb-inom-design\\\/\",\"name\":\"Lediga jobb inom design - Trib\",\"isPartOf\":{\"@id\":\"https:\\\/\\\/www.trib.se\\\/#website\"},\"datePublished\":\"2023-03-03T13:12:37+00:00\",\"dateModified\":\"2023-03-03T13:12:38+00:00\",\"breadcrumb\":{\"@id\":\"https:\\\/\\\/www.trib.se\\\/sv\\\/omraden\\\/design\\\/lediga-jobb-inom-design\\\/#breadcrumb\"},\"inLanguage\":\"sv-SE\",\"potentialAction\":[{\"@type\":\"ReadAction\",\"target\":[\"https:\\\/\\\/www.trib.se\\\/sv\\\/omraden\\\/design\\\/lediga-jobb-inom-design\\\/\"]}]},{\"@type\":\"BreadcrumbList\",\"@id\":\"https:\\\/\\\/www.trib.se\\\/sv\\\/omraden\\\/design\\\/lediga-jobb-inom-design\\\/#breadcrumb\",\"itemListElement\":[{\"@type\":\"ListItem\",\"position\":1,\"name\":\"Home\",\"item\":\"https:\\\/\\\/www.trib.se\\\/sv\\\/\"},{\"@type\":\"ListItem\",\"position\":2,\"name\":\"Omr\u00e5den\",\"item\":\"https:\\\/\\\/www.trib.se\\\/sv\\\/omraden\\\/\"},{\"@type\":\"ListItem\",\"position\":3,\"name\":\"Design\",\"item\":\"https:\\\/\\\/www.trib.se\\\/sv\\\/omraden\\\/design\\\/\"},{\"@type\":\"ListItem\",\"position\":4,\"name\":\"Lediga jobb inom design\"}]},{\"@type\":\"WebSite\",\"@id\":\"https:\\\/\\\/www.trib.se\\\/#website\",\"url\":\"https:\\\/\\\/www.trib.se\\\/\",\"name\":\"Trib\",\"description\":\"Stockholm-based talent expert, freelance agent and headhunter\",\"potentialAction\":[{\"@type\":\"SearchAction\",\"target\":{\"@type\":\"EntryPoint\",\"urlTemplate\":\"https:\\\/\\\/www.trib.se\\\/?s={search_term_string}\"},\"query-input\":{\"@type\":\"PropertyValueSpecification\",\"valueRequired\":true,\"valueName\":\"search_term_string\"}}],\"inLanguage\":\"sv-SE\"}]}<\/script>\n<!-- \/ Yoast SEO plugin. -->","yoast_head_json":{"title":"Lediga jobb inom design - Trib","robots":{"index":"index","follow":"follow","max-snippet":"max-snippet:-1","max-image-preview":"max-image-preview:large","max-video-preview":"max-video-preview:-1"},"canonical":"https:\/\/www.trib.se\/sv\/omraden\/design\/lediga-jobb-inom-design\/","og_locale":"sv_SE","og_type":"article","og_title":"Lediga jobb inom design - Trib","og_url":"https:\/\/www.trib.se\/sv\/omraden\/design\/lediga-jobb-inom-design\/","og_site_name":"Trib","article_modified_time":"2023-03-03T13:12:38+00:00","og_image":[{"width":1200,"height":637,"url":"https:\/\/www.trib.se\/wp-content\/uploads\/2022\/08\/og_image.jpg","type":"image\/jpeg"}],"twitter_card":"summary_large_image","schema":{"@context":"https:\/\/schema.org","@graph":[{"@type":"WebPage","@id":"https:\/\/www.trib.se\/sv\/omraden\/design\/lediga-jobb-inom-design\/","url":"https:\/\/www.trib.se\/sv\/omraden\/design\/lediga-jobb-inom-design\/","name":"Lediga jobb inom design - Trib","isPartOf":{"@id":"https:\/\/www.trib.se\/#website"},"datePublished":"2023-03-03T13:12:37+00:00","dateModified":"2023-03-03T13:12:38+00:00","breadcrumb":{"@id":"https:\/\/www.trib.se\/sv\/omraden\/design\/lediga-jobb-inom-design\/#breadcrumb"},"inLanguage":"sv-SE","potentialAction":[{"@type":"ReadAction","target":["https:\/\/www.trib.se\/sv\/omraden\/design\/lediga-jobb-inom-design\/"]}]},{"@type":"BreadcrumbList","@id":"https:\/\/www.trib.se\/sv\/omraden\/design\/lediga-jobb-inom-design\/#breadcrumb","itemListElement":[{"@type":"ListItem","position":1,"name":"Home","item":"https:\/\/www.trib.se\/sv\/"},{"@type":"ListItem","position":2,"name":"Omr\u00e5den","item":"https:\/\/www.trib.se\/sv\/omraden\/"},{"@type":"ListItem","position":3,"name":"Design","item":"https:\/\/www.trib.se\/sv\/omraden\/design\/"},{"@type":"ListItem","position":4,"name":"Lediga jobb inom design"}]},{"@type":"WebSite","@id":"https:\/\/www.trib.se\/#website","url":"https:\/\/www.trib.se\/","name":"Trib","description":"Stockholm-based talent expert, freelance agent and headhunter","potentialAction":[{"@type":"SearchAction","target":{"@type":"EntryPoint","urlTemplate":"https:\/\/www.trib.se\/?s={search_term_string}"},"query-input":{"@type":"PropertyValueSpecification","valueRequired":true,"valueName":"search_term_string"}}],"inLanguage":"sv-SE"}]}},"_links":{"self":[{"href":"https:\/\/www.trib.se\/sv\/wp-json\/wp\/v2\/pages\/9029","targetHints":{"allow":["GET"]}}],"collection":[{"href":"https:\/\/www.trib.se\/sv\/wp-json\/wp\/v2\/pages"}],"about":[{"href":"https:\/\/www.trib.se\/sv\/wp-json\/wp\/v2\/types\/page"}],"author":[{"embeddable":true,"href":"https:\/\/www.trib.se\/sv\/wp-json\/wp\/v2\/users\/1"}],"replies":[{"embeddable":true,"href":"https:\/\/www.trib.se\/sv\/wp-json\/wp\/v2\/comments?post=9029"}],"version-history":[{"count":11,"href":"https:\/\/www.trib.se\/sv\/wp-json\/wp\/v2\/pages\/9029\/revisions"}],"predecessor-version":[{"id":9358,"href":"https:\/\/www.trib.se\/sv\/wp-json\/wp\/v2\/pages\/9029\/revisions\/9358"}],"up":[{"embeddable":true,"href":"https:\/\/www.trib.se\/sv\/wp-json\/wp\/v2\/pages\/8476"}],"wp:attachment":[{"href":"https:\/\/www.trib.se\/sv\/wp-json\/wp\/v2\/media?parent=9029"}],"curies":[{"name":"wp","href":"https:\/\/api.w.org\/{rel}","templated":true}]}}