{"id":8248,"date":"2023-01-31T10:44:52","date_gmt":"2023-01-31T10:44:52","guid":{"rendered":"https:\/\/www.trib.se\/?page_id=8248"},"modified":"2023-02-02T12:16:35","modified_gmt":"2023-02-02T12:16:35","slug":"konsulter-och-frilansare-for-techbolag","status":"publish","type":"page","link":"https:\/\/www.trib.se\/sv\/konsulter-och-frilansare-for-techbolag\/","title":{"rendered":"Konsulter och frilansare f\u00f6r techbolag"},"content":{"rendered":"\n<section class=\"info-page-block pt-8 xl:pt-32 pb-0 \">\n\n    <div class=\"holder\">\n\n        <div class=\"job-content-wrapper\">\n            <h1 class=\"font-spirit text-56px md:text-80px xl:text-136px huge:text-184px leading-none text-center mb-8 special-letter-spacing\">\n                Konsulter och frilansare f\u00f6r techbolag            <\/h1>\n                            <div class=\"text-24px md:text-28px xl:text-32px huge:text-40px mb-12 md:mb-32 text-center job-preamble-wrapper wysiwyg\">\n                    <p>Trib &#8211; din k\u00e4lla till de b\u00e4sta konsulterna och frilansarna inom Design, Produktutveckling, Produktledning, Marknadsf\u00f6ring, Growth, Art Direction, Copywriting och mycket mer.<\/p>\n                <\/div>\n                                <\/div>\n\n    <\/div>\n\n<\/section>\n\n\n\n<section class=\"text-with-label pt-0 pb-16 xl:pb-32 \">\n\n    <div class=\"holder\">\n\n        <div class=\"flex flex-col lg:flex-row lg:pl-20 lg:pr-0\">\n            <div class=\"lg:pt-4 mb-4 lg:mb-0\">\n                <h3 class=\"text-18px md:text-22px lg:text-24px leading-none\">Frilans eller konsult<\/h3>\n            <\/div>\n            <div class=\" lg:w-7\/10 ml-auto\">\n                <div class=\"text-with-label-content\">\n                    <h2 class=\"text-48px md:text-72px xl:text-88px leading-none mb-6 special-letter-spacing\"><\/h2>\n                    <div class=\"wysiwyg md:text-18px lg:text-20px\">\n                        <p>Att anv\u00e4nda externa konsulter och frilansare kan ge en viktig konkurrensf\u00f6rdel f\u00f6r teknikf\u00f6retag, start-ups, scale-ups och digitala organisationer.<\/p>\n<p>Trib erbjuder specialistkompetens inom omr\u00e5den som UI\/UX design, Produktdesign, Branding, Digital marknadsf\u00f6ring, CRM, Growth, Produktstrategi, visuell identitet, Projektledning, Produktledning, Art Direction och Copywriting.<\/p>\n<p>Med hj\u00e4lp av externa konsulter och frilansare kan du skala upp och ned ditt team n\u00e4r du beh\u00f6ver det, utan att beh\u00f6va g\u00f6ra en permanent anst\u00e4llning. Detta \u00e4r en billigare l\u00f6sning j\u00e4mf\u00f6rt med att anst\u00e4lla en ny medarbetare, och ger ocks\u00e5 m\u00f6jlighet att f\u00e5 tillg\u00e5ng till en bredare pool av kompetenser.<\/p>\n<p>En annan f\u00f6rdel med att anv\u00e4nda externa konsulter och frilansare \u00e4r den snabba kompetenstillf\u00f6rseln som de erbjuder. De har en bevisad erfarenhet fr\u00e5n framg\u00e5ngsrika projekt och kan snabbt b\u00f6rja bidra till din verksamhets tillv\u00e4xt.<\/p>\n<p>P\u00e5 Trib har vi samlat ett n\u00e4tverk av de b\u00e4sta frilansarna fr\u00e5n Stockholm och hela Sverige, med bevisad erfarenhet och expertis inom sina respektive omr\u00e5den. Alla v\u00e5ra frilansare har genomg\u00e5tt en noggrann rekryteringsprocess med kompetensbaserade intervjuer och referenser.<\/p>\n<p>Som kund p\u00e5 Trib har du tillg\u00e5ng till ett unikt n\u00e4tverk som g\u00f6r det enkelt att hitta r\u00e4tt frilansare f\u00f6r din verksamhet. Vi hj\u00e4lper dig att hitta frilansare som passar dina behov och budget, och vi garanterar en smidig process fr\u00e5n start till m\u00e5l.<\/p>\n<p>V\u00e5ra frilansare \u00e4r flexibla och anpassningsbara, och erbjuder skr\u00e4ddarsydda tj\u00e4nster f\u00f6r att m\u00f6ta dina specifika behov. Oavsett om du s\u00f6ker en frilansande designer, marknadsf\u00f6rare eller tillv\u00e4xtstrateg, s\u00e5 har vi den r\u00e4tta personen f\u00f6r dig.<\/p>\n<p>Bli ett av de m\u00e5nga f\u00f6retag som har f\u00f6rb\u00e4ttrat sin verksamhet med hj\u00e4lp av Tribs frilansare.<\/p>\n                    <\/div>\n                                    <\/div>\n\n            <\/div>\n        <\/div>\n\n    <\/div>\n\n<\/section>\n\n\n\n<section class=\"cards pt-0 pb-32 xl:pb-64 \">\n\n    <div class=\"holder\">\n        \n            <div class=\"card px-4 py-8 md:p-12 huge:p-16 neon rounded-card skew-left\">\n\n                <div class=\"flex flex-wrap items-center\">\n\n                    <div class=\"w-full xl:w-1\/2 xl:pr-32\">\n                        <div class=\"h-full flex flex-col\">\n                            <h2 class=\"font-spirit text-48px md:text-72px xl:text-88px leading-none mb-4 special-letter-spacing\">Nu k\u00f6r vi?<\/h2>\n                            <div class=\"md:text-18px xl:text-20px huge:text-24px mb-12\"><p>Vi k\u00e4nner de b\u00e4sta frilansarna. Ber\u00e4tta om ditt behov s\u00e5 hj\u00e4lps vi \u00e5t att skapa underverk!<\/p>\n<\/div>\n                                                            <div class=\"mt-auto hidden xl:block\">\n                                                                            <a class=\"btn black inline-block rounded\" href=\"https:\/\/www.trib.se\/how-can-we-help\/\" target=\"\">Kontakta oss idag<\/a>\n                                                                    <\/div>\n                                                    <\/div>\n                    <\/div>\n\n                    <div class=\"w-full xl:w-1\/2 ml-auto\">\n\n\n                                                    <ul>\n\n                                \n                                    <li class=\"flex items-center text-18px md:text-22px xl:text-24px huge:text-30px leading-none mb-6 md:mb-12 last:mb-0\">\n                                                                                    <img decoding=\"async\" class=\"mr-4\" src=\"https:\/\/www.trib.se\/wp-content\/themes\/trib\/img\/checkmark-black.svg\" \/>\n                                                                                <span>Topptalanger<\/span>\n                                    <\/li>\n\n                                \n                                    <li class=\"flex items-center text-18px md:text-22px xl:text-24px huge:text-30px leading-none mb-6 md:mb-12 last:mb-0\">\n                                                                                    <img decoding=\"async\" class=\"mr-4\" src=\"https:\/\/www.trib.se\/wp-content\/themes\/trib\/img\/checkmark-black.svg\" \/>\n                                                                                <span>Tryggt och s\u00e4kert<\/span>\n                                    <\/li>\n\n                                \n                                    <li class=\"flex items-center text-18px md:text-22px xl:text-24px huge:text-30px leading-none mb-6 md:mb-12 last:mb-0\">\n                                                                                    <img decoding=\"async\" class=\"mr-4\" src=\"https:\/\/www.trib.se\/wp-content\/themes\/trib\/img\/checkmark-black.svg\" \/>\n                                                                                <span>Admin = vi sk\u00f6ter det!<\/span>\n                                    <\/li>\n\n                                \n                                    <li class=\"flex items-center text-18px md:text-22px xl:text-24px huge:text-30px leading-none mb-6 md:mb-12 last:mb-0\">\n                                                                                    <img decoding=\"async\" class=\"mr-4\" src=\"https:\/\/www.trib.se\/wp-content\/themes\/trib\/img\/checkmark-black.svg\" \/>\n                                                                                <span> Skalbart och dynamiskt<\/span>\n                                    <\/li>\n\n                                \n                            <\/ul>\n                        \n                                                            <div class=\"mt-auto pt-12 block xl:hidden\">\n                                                                            <a class=\"btn black block  rounded\" href=\"https:\/\/www.trib.se\/how-can-we-help\/\" target=\"\">Kontakta oss idag<\/a>\n                                                                    <\/div>\n                            \n                    <\/div>\n                <\/div>\n\n            <\/div>\n\n        \n    <\/div>\n\n<\/section>\n\n\n\n<section class=\"text-with-list pt-0 pb-32 xl:pb-64 \">\n\n    <div class=\"holder\">\n\n        <div class=\"flex flex-col xl:flex-row lg:pr-0\">\n            <div class=\"w-full xl:w-1\/2 md:pr-52 mb-16 xl:mb-0\">\n                <h2 class=\"text-48px md:text-72px xl:text-88px leading-none mb-6 special-letter-spacing\">Topptalanger <span class=\"font-spirit\">on demand<\/span><\/h2>\n                <div class=\"wysiwyg text-18px md:text-22px lg:text-20px\">\n                    <p>Tillsammans med v\u00e5rt frilansn\u00e4tverk har vi bred erfarenhet av att arbeta med och bygga moderna organisationer. Fr\u00e5n startups och tillv\u00e4xtbolag till digitalisering av st\u00f6rre organisationer.<br \/>\nVi finns h\u00e4r f\u00f6r att hj\u00e4lpa till!<\/p>\n                <\/div>\n            <\/div>\n            <div class=\"w-full xl:w-1\/2 ml-auto\">\n\n                \n                    <div class=\"flex justify-between md:pr-52\">\n\n                        \n                            <div class=\"xl:px-8 last-of-type:pr-0 pr-8 md:pr-16\">\n                                <h3 class=\"md:text-18px lg:text-24px mb-6\">Omr\u00e5den<\/h3>\n                                \n                                    <h4 class=\"leading-none text-pink text-28px md:text-32px xl:text-44px mb-4\">Service<\/h4>\n\n                                \n                                    <h4 class=\"leading-none text-pink text-28px md:text-32px xl:text-44px mb-4\">Growth<\/h4>\n\n                                \n                                    <h4 class=\"leading-none text-pink text-28px md:text-32px xl:text-44px mb-4\">Marketing<\/h4>\n\n                                \n                                    <h4 class=\"leading-none text-pink text-28px md:text-32px xl:text-44px mb-4\">Tech<\/h4>\n\n                                \n                                    <h4 class=\"leading-none text-pink text-28px md:text-32px xl:text-44px mb-4\">Product<\/h4>\n\n                                \n                                    <h4 class=\"leading-none text-pink text-28px md:text-32px xl:text-44px mb-4\">Design<\/h4>\n\n                                                            <\/div>\n\n\n                        \n                            <div class=\"xl:px-8 last-of-type:pr-0 pr-8 md:pr-16\">\n                                <h3 class=\"md:text-18px lg:text-24px mb-6\">Niv\u00e5er<\/h3>\n                                \n                                    <h4 class=\"leading-none text-pink text-28px md:text-32px xl:text-44px mb-4\">Board<\/h4>\n\n                                \n                                    <h4 class=\"leading-none text-pink text-28px md:text-32px xl:text-44px mb-4\">Executive<\/h4>\n\n                                \n                                    <h4 class=\"leading-none text-pink text-28px md:text-32px xl:text-44px mb-4\">Management<\/h4>\n\n                                \n                                    <h4 class=\"leading-none text-pink text-28px md:text-32px xl:text-44px mb-4\">Senior<\/h4>\n\n                                \n                                    <h4 class=\"leading-none text-pink text-28px md:text-32px xl:text-44px mb-4\">Mid<\/h4>\n\n                                \n                                    <h4 class=\"leading-none text-pink text-28px md:text-32px xl:text-44px mb-4\">Junior<\/h4>\n\n                                                            <\/div>\n\n\n                        \n                    <\/div>\n\n                \n            <\/div>\n        <\/div>\n\n    <\/div>\n\n<\/section>\n\n\n\n<section class=\"process pt-0 pb-16 xl:pb-32 \">\n\n    <div class=\"holder\">\n\n        <h2 class=\"font-spirit text-48px md:text-72px xl:text-88px huge:text-120px leading-none mb-6 special-letter-spacing\">The freelance <span class=\"font-spirit\">way<\/span><\/h2>\n        \n        \n            <div class=\"flex flex-wrap pt-16 lg:pt-32\">\n\n                \n                    <div class=\"w-full lg:w-1\/2 mb-24 last-of-type:mb-0 lg:pr-8 xl:pr-50 \">\n\n                        <div class=\"flex\">\n                            <span class=\"process-icon relative top-[4px] mr-4 xl:text-24px huge:text-30px neon square\">1<\/span>\n                            <div>\n                                <h3 class=\"text-32px md:text-36px lg:text-44px leading-none mb-4\">Definiera<\/h3>\n                                <div class=\"text-18px lg:text-20px huge:text-24px wysiwyg\">\n                                    <p>Du vet vad du vet, v\u00e5r process och erfarenhet hj\u00e4lper till att fylla i eventuella luckor. Vi hj\u00e4lper dig att utv\u00e4rdera och definiera dina behov.<\/p>\n                                <\/div>\n                            <\/div>\n                        <\/div>\n\n                    <\/div>\n\n                \n                    <div class=\"w-full lg:w-1\/2 mb-24 last-of-type:mb-0 lg:pr-8 xl:pr-50 \">\n\n                        <div class=\"flex\">\n                            <span class=\"process-icon relative top-[4px] mr-4 xl:text-24px huge:text-30px purple semi-rounded\">2<\/span>\n                            <div>\n                                <h3 class=\"text-32px md:text-36px lg:text-44px leading-none mb-4\">Tr\u00e4ffa v\u00e5ra talanger, hitta din match<\/h3>\n                                <div class=\"text-18px lg:text-20px huge:text-24px wysiwyg\">\n                                    <p>Vi presenterar och s\u00e4tter upp m\u00f6ten med de b\u00e4sta talangerna f\u00f6r jobbet, du best\u00e4mmer vem som \u00e4r din b\u00e4sta match.<\/p>\n                                <\/div>\n                            <\/div>\n                        <\/div>\n\n                    <\/div>\n\n                \n                    <div class=\"w-full lg:w-1\/2 mb-24 last-of-type:mb-0 lg:pr-8 xl:pr-50 \">\n\n                        <div class=\"flex\">\n                            <span class=\"process-icon relative top-[4px] mr-4 xl:text-24px huge:text-30px pink full-rounded\">3<\/span>\n                            <div>\n                                <h3 class=\"text-32px md:text-36px lg:text-44px leading-none mb-4\">Talang p\u00e5 plats<\/h3>\n                                <div class=\"text-18px lg:text-20px huge:text-24px wysiwyg\">\n                                    <p>Att anv\u00e4nda frilansare g\u00e5r snabbt och du kommer att ha n\u00e5gon p\u00e5 plats innan du vet ordet av. Vi sk\u00f6ter all admin s\u00e5 du kan forts\u00e4tta fokusera p\u00e5 ditt jobb.<\/p>\n                                <\/div>\n                            <\/div>\n                        <\/div>\n\n                    <\/div>\n\n                \n                    <div class=\"w-full lg:w-1\/2 mb-24 last-of-type:mb-0 lg:pr-8 xl:pr-50 \">\n\n                        <div class=\"flex\">\n                            <span class=\"process-icon relative top-[4px] mr-4 xl:text-24px huge:text-30px neon square\">4<\/span>\n                            <div>\n                                <h3 class=\"text-32px md:text-36px lg:text-44px leading-none mb-4\">GLHF<\/h3>\n                                <div class=\"text-18px lg:text-20px huge:text-24px wysiwyg\">\n                                    <p>Good luck, have fun! Vi kommer att st\u00f6tta och vara med er under uppdraget. Vi kommer se till att du och v\u00e5r frilansare \u00e4r n\u00f6jda och att ni utr\u00e4ttar stord\u00e5d!<\/p>\n                                <\/div>\n                            <\/div>\n                        <\/div>\n\n                    <\/div>\n\n                \n            <\/div>\n\n\n        \n    <\/div>\n\n<\/section>\n\n\n\n<section id=\"js-vue-scroll-image\" class=\"image-with-card pt-0 pb-16 xl:pb-32 \">\n\n    <div class=\"holder\">\n        <div class=\"flex flex-wrap xl:-mx-5\">\n            <div class=\"w-full mb-4 xl:mb-0 xl:w-1\/2 xl:px-5\">\n                <scroll-image>\n                    <slot>\n                        <div class=\"rounded-img\">\n                            <picture class=\"block w-full\">\n\t<source media=\"(max-width: 767px)\" data-srcset=\"https:\/\/images.ohmyhosting.se\/R4UQR59nIXaNkIzosfla4cnnEMQ=\/876x876\/smart\/filters:quality(85)\/https%3A%2F%2Fwww.trib.se%2Fwp-content%2Fuploads%2F2022%2F10%2Fcreativeteam.png 1x, https:\/\/images.ohmyhosting.se\/QMffSNcQE7jPbQntzPko4VbFOz0=\/1752x1752\/smart\/filters:quality(85)\/https%3A%2F%2Fwww.trib.se%2Fwp-content%2Fuploads%2F2022%2F10%2Fcreativeteam.png 2x\">\n\t<source media=\"(max-width: 1023px)\" data-srcset=\"https:\/\/images.ohmyhosting.se\/R4UQR59nIXaNkIzosfla4cnnEMQ=\/876x876\/smart\/filters:quality(85)\/https%3A%2F%2Fwww.trib.se%2Fwp-content%2Fuploads%2F2022%2F10%2Fcreativeteam.png 1x, https:\/\/images.ohmyhosting.se\/QMffSNcQE7jPbQntzPko4VbFOz0=\/1752x1752\/smart\/filters:quality(85)\/https%3A%2F%2Fwww.trib.se%2Fwp-content%2Fuploads%2F2022%2F10%2Fcreativeteam.png 2x\">\n\t<img class=\"lazyload w-full\" loading=\"lazy\" data-src=\"https:\/\/images.ohmyhosting.se\/QMffSNcQE7jPbQntzPko4VbFOz0=\/1752x1752\/smart\/filters:quality(85)\/https%3A%2F%2Fwww.trib.se%2Fwp-content%2Fuploads%2F2022%2F10%2Fcreativeteam.png\" alt=\"\">\n<\/picture>\n                        <\/div>\n                    <slot>\n                <\/scroll-image>\n            <\/div>\n            <div class=\"w-full xl:w-1\/2 xl:px-5\">\n                <div class=\"card flex flex-col px-6 py-6 md:p-12 xl:p-16 h-full bg-purple text-white rounded-card\">\n                                            <div>\n                            <span class=\"mini-tag inline-block border border-white uppercase rounded-full mb-8\">Stories<\/span>\n                        <\/div>\n                                                            <h3 class=\"font-spirit text-32px md:text-48px xl:text-56px huge:text-80px leading-none mb-6 special-letter-spacing\">Sagan om ett kreativt team<\/h3>\n                    <div class=\"md:text-18px mb-10 md:mb-20 xl:text-20px huge:text-24px\"><p>Vi vet att en liten kraft kan g\u00f6ra krusningar p\u00e5 de st\u00f6rsta vatten. Det h\u00e4nder hela tiden i allt fr\u00e5n politik till humor. P\u00e5 Trib arbetar vi p\u00e5 samma s\u00e4tt, med sm\u00e5 team f\u00f6r att ingjuta kreativitet och g\u00f6ra kommunikationen mer effektiv.<\/p>\n<p>&nbsp;<\/p>\n<p>H\u00e4r \u00e4r historien om ett av dessa projekt.<\/p>\n<\/div>\n                    \n                        <a class=\"btn block mt-auto rounded w-full black\" href=\"https:\/\/www.trib.se\/tools\/creative-team-solution\/\" target=\"\">L\u00e4s hela h\u00e4r<\/a>\n\n                                    <\/div>\n            <\/div>\n        <\/div>\n\n\n    <\/div>\n\n<\/section>","protected":false},"excerpt":{"rendered":"","protected":false},"author":1,"featured_media":0,"parent":0,"menu_order":0,"comment_status":"closed","ping_status":"closed","template":"","meta":{"_acf_changed":false,"footnotes":""},"class_list":["post-8248","page","type-page","status-publish","hentry"],"acf":[],"yoast_head":"<!-- This site is optimized with the Yoast SEO plugin v27.5 - https:\/\/yoast.com\/product\/yoast-seo-wordpress\/ -->\n<title>Konsulter och frilansare f\u00f6r techbolag - Trib<\/title>\n<meta name=\"robots\" content=\"index, follow, max-snippet:-1, max-image-preview:large, max-video-preview:-1\" \/>\n<link rel=\"canonical\" href=\"https:\/\/www.trib.se\/sv\/konsulter-och-frilansare-for-techbolag\/\" \/>\n<meta property=\"og:locale\" content=\"sv_SE\" \/>\n<meta property=\"og:type\" content=\"article\" \/>\n<meta property=\"og:title\" content=\"Konsulter och frilansare f\u00f6r techbolag - Trib\" \/>\n<meta property=\"og:url\" content=\"https:\/\/www.trib.se\/sv\/konsulter-och-frilansare-for-techbolag\/\" \/>\n<meta property=\"og:site_name\" content=\"Trib\" \/>\n<meta property=\"article:modified_time\" content=\"2023-02-02T12:16:35+00:00\" \/>\n<meta property=\"og:image\" content=\"https:\/\/www.trib.se\/wp-content\/uploads\/2022\/08\/og_image.jpg\" \/>\n\t<meta property=\"og:image:width\" content=\"1200\" \/>\n\t<meta property=\"og:image:height\" content=\"637\" \/>\n\t<meta property=\"og:image:type\" content=\"image\/jpeg\" \/>\n<meta name=\"twitter:card\" content=\"summary_large_image\" \/>\n<script type=\"application\/ld+json\" class=\"yoast-schema-graph\">{\"@context\":\"https:\\\/\\\/schema.org\",\"@graph\":[{\"@type\":\"WebPage\",\"@id\":\"https:\\\/\\\/www.trib.se\\\/sv\\\/konsulter-och-frilansare-for-techbolag\\\/\",\"url\":\"https:\\\/\\\/www.trib.se\\\/sv\\\/konsulter-och-frilansare-for-techbolag\\\/\",\"name\":\"Konsulter och frilansare f\u00f6r techbolag - Trib\",\"isPartOf\":{\"@id\":\"https:\\\/\\\/www.trib.se\\\/#website\"},\"datePublished\":\"2023-01-31T10:44:52+00:00\",\"dateModified\":\"2023-02-02T12:16:35+00:00\",\"breadcrumb\":{\"@id\":\"https:\\\/\\\/www.trib.se\\\/sv\\\/konsulter-och-frilansare-for-techbolag\\\/#breadcrumb\"},\"inLanguage\":\"sv-SE\",\"potentialAction\":[{\"@type\":\"ReadAction\",\"target\":[\"https:\\\/\\\/www.trib.se\\\/sv\\\/konsulter-och-frilansare-for-techbolag\\\/\"]}]},{\"@type\":\"BreadcrumbList\",\"@id\":\"https:\\\/\\\/www.trib.se\\\/sv\\\/konsulter-och-frilansare-for-techbolag\\\/#breadcrumb\",\"itemListElement\":[{\"@type\":\"ListItem\",\"position\":1,\"name\":\"Home\",\"item\":\"https:\\\/\\\/www.trib.se\\\/sv\\\/\"},{\"@type\":\"ListItem\",\"position\":2,\"name\":\"Konsulter och frilansare f\u00f6r techbolag\"}]},{\"@type\":\"WebSite\",\"@id\":\"https:\\\/\\\/www.trib.se\\\/#website\",\"url\":\"https:\\\/\\\/www.trib.se\\\/\",\"name\":\"Trib\",\"description\":\"Stockholm-based talent expert, freelance agent and headhunter\",\"potentialAction\":[{\"@type\":\"SearchAction\",\"target\":{\"@type\":\"EntryPoint\",\"urlTemplate\":\"https:\\\/\\\/www.trib.se\\\/?s={search_term_string}\"},\"query-input\":{\"@type\":\"PropertyValueSpecification\",\"valueRequired\":true,\"valueName\":\"search_term_string\"}}],\"inLanguage\":\"sv-SE\"}]}<\/script>\n<!-- \/ Yoast SEO plugin. -->","yoast_head_json":{"title":"Konsulter och frilansare f\u00f6r techbolag - Trib","robots":{"index":"index","follow":"follow","max-snippet":"max-snippet:-1","max-image-preview":"max-image-preview:large","max-video-preview":"max-video-preview:-1"},"canonical":"https:\/\/www.trib.se\/sv\/konsulter-och-frilansare-for-techbolag\/","og_locale":"sv_SE","og_type":"article","og_title":"Konsulter och frilansare f\u00f6r techbolag - Trib","og_url":"https:\/\/www.trib.se\/sv\/konsulter-och-frilansare-for-techbolag\/","og_site_name":"Trib","article_modified_time":"2023-02-02T12:16:35+00:00","og_image":[{"width":1200,"height":637,"url":"https:\/\/www.trib.se\/wp-content\/uploads\/2022\/08\/og_image.jpg","type":"image\/jpeg"}],"twitter_card":"summary_large_image","schema":{"@context":"https:\/\/schema.org","@graph":[{"@type":"WebPage","@id":"https:\/\/www.trib.se\/sv\/konsulter-och-frilansare-for-techbolag\/","url":"https:\/\/www.trib.se\/sv\/konsulter-och-frilansare-for-techbolag\/","name":"Konsulter och frilansare f\u00f6r techbolag - Trib","isPartOf":{"@id":"https:\/\/www.trib.se\/#website"},"datePublished":"2023-01-31T10:44:52+00:00","dateModified":"2023-02-02T12:16:35+00:00","breadcrumb":{"@id":"https:\/\/www.trib.se\/sv\/konsulter-och-frilansare-for-techbolag\/#breadcrumb"},"inLanguage":"sv-SE","potentialAction":[{"@type":"ReadAction","target":["https:\/\/www.trib.se\/sv\/konsulter-och-frilansare-for-techbolag\/"]}]},{"@type":"BreadcrumbList","@id":"https:\/\/www.trib.se\/sv\/konsulter-och-frilansare-for-techbolag\/#breadcrumb","itemListElement":[{"@type":"ListItem","position":1,"name":"Home","item":"https:\/\/www.trib.se\/sv\/"},{"@type":"ListItem","position":2,"name":"Konsulter och frilansare f\u00f6r techbolag"}]},{"@type":"WebSite","@id":"https:\/\/www.trib.se\/#website","url":"https:\/\/www.trib.se\/","name":"Trib","description":"Stockholm-based talent expert, freelance agent and headhunter","potentialAction":[{"@type":"SearchAction","target":{"@type":"EntryPoint","urlTemplate":"https:\/\/www.trib.se\/?s={search_term_string}"},"query-input":{"@type":"PropertyValueSpecification","valueRequired":true,"valueName":"search_term_string"}}],"inLanguage":"sv-SE"}]}},"_links":{"self":[{"href":"https:\/\/www.trib.se\/sv\/wp-json\/wp\/v2\/pages\/8248","targetHints":{"allow":["GET"]}}],"collection":[{"href":"https:\/\/www.trib.se\/sv\/wp-json\/wp\/v2\/pages"}],"about":[{"href":"https:\/\/www.trib.se\/sv\/wp-json\/wp\/v2\/types\/page"}],"author":[{"embeddable":true,"href":"https:\/\/www.trib.se\/sv\/wp-json\/wp\/v2\/users\/1"}],"replies":[{"embeddable":true,"href":"https:\/\/www.trib.se\/sv\/wp-json\/wp\/v2\/comments?post=8248"}],"version-history":[{"count":41,"href":"https:\/\/www.trib.se\/sv\/wp-json\/wp\/v2\/pages\/8248\/revisions"}],"predecessor-version":[{"id":8302,"href":"https:\/\/www.trib.se\/sv\/wp-json\/wp\/v2\/pages\/8248\/revisions\/8302"}],"wp:attachment":[{"href":"https:\/\/www.trib.se\/sv\/wp-json\/wp\/v2\/media?parent=8248"}],"curies":[{"name":"wp","href":"https:\/\/api.w.org\/{rel}","templated":true}]}}