{"id":6687,"date":"2022-10-11T18:53:18","date_gmt":"2022-10-11T18:53:18","guid":{"rendered":"https:\/\/www.trib.se\/?page_id=6687"},"modified":"2023-01-17T12:04:29","modified_gmt":"2023-01-17T12:04:29","slug":"var-support","status":"publish","type":"page","link":"https:\/\/www.trib.se\/sv\/var-support\/","title":{"rendered":"Support"},"content":{"rendered":"\n<section class=\"info-page-block pt-8 xl:pt-32 pb-0 \">\n\n    <div class=\"holder\">\n\n        <div class=\"job-content-wrapper\">\n            <h1 class=\"font-spirit text-56px md:text-80px xl:text-136px huge:text-184px leading-none text-center mb-8 special-letter-spacing\">\n                F\u00f6rst\u00e4rk din process <br\/>med v\u00e5r support            <\/h1>\n                            <div class=\"text-24px md:text-28px xl:text-32px huge:text-40px mb-12 md:mb-32 text-center job-preamble-wrapper wysiwyg\">\n                    <p>Alla behov \u00e4r unika. M\u00e5nga vill ha mycket, andra mindre; i b\u00e5da fallen kan vi hj\u00e4lpa till. Genom v\u00e5ra erbjudanden inom Support kan vi tillf\u00f6ra v\u00e5r kunskap och erfarenhet f\u00f6r att st\u00e4rka era interna rekryteringsprocesser. Med Referral, Branding, Headhunting och Quality Assurance kan vi st\u00f6tta er d\u00e4r ni beh\u00f6ver.<\/p>\n                <\/div>\n                                <\/div>\n\n    <\/div>\n\n<\/section>\n\n\n\n<section class=\"cards pt-0 pb-16 xl:pb-32 \">\n\n    <div class=\"holder\">\n        \n            <div class=\"card px-4 py-8 md:p-12 huge:p-16 neon rounded-card skew-left\">\n\n                <div class=\"flex flex-wrap items-center\">\n\n                    <div class=\"w-full xl:w-1\/2 xl:pr-32\">\n                        <div class=\"h-full flex flex-col\">\n                            <h2 class=\"font-spirit text-48px md:text-72px xl:text-88px leading-none mb-4 special-letter-spacing\">S\u00e5 h\u00e4r kan vi st\u00f6tta!<\/h2>\n                            <div class=\"md:text-18px xl:text-20px huge:text-24px mb-12\"><p>L\u00e5t oss veta vilken del av processen du beh\u00f6ver st\u00f6d i, s\u00e5 hj\u00e4lper vi dig att n\u00e5 era m\u00e5l effektivare. Det g\u00e5r givetvis att kombinera dessa tj\u00e4nster. H\u00f6r av dig s\u00e5 kan vi ber\u00e4tta mer.<\/p>\n<\/div>\n                                                            <div class=\"mt-auto hidden xl:block\">\n                                                                            <a class=\"btn black inline-block rounded\" href=\"https:\/\/www.trib.se\/how-can-we-help\/\" target=\"\">Kontakta oss<\/a>\n                                                                    <\/div>\n                                                    <\/div>\n                    <\/div>\n\n                    <div class=\"w-full xl:w-1\/2 ml-auto\">\n\n\n                                                    <ul>\n\n                                \n                                    <li class=\"flex items-center text-18px md:text-22px xl:text-24px huge:text-30px leading-none mb-6 md:mb-12 last:mb-0\">\n                                                                                    <img decoding=\"async\" class=\"mr-4\" src=\"https:\/\/www.trib.se\/wp-content\/themes\/trib\/img\/checkmark-black.svg\" \/>\n                                                                                <span><strong>Referral<\/strong> \u2013 F\u00e5 tillg\u00e5ng till v\u00e5rt n\u00e4tverk av talanger som just nu letar efter sitt n\u00e4sta steg. En m\u00f6jlighet att f\u00e5 tr\u00e4ffa toppkandidater som \u00e4r i r\u00f6relse.<\/span>\n                                    <\/li>\n\n                                \n                                    <li class=\"flex items-center text-18px md:text-22px xl:text-24px huge:text-30px leading-none mb-6 md:mb-12 last:mb-0\">\n                                                                                    <img decoding=\"async\" class=\"mr-4\" src=\"https:\/\/www.trib.se\/wp-content\/themes\/trib\/img\/checkmark-black.svg\" \/>\n                                                                                <span><strong>Branding<\/strong> \u2013 Vi bearbetar v\u00e5rt externa n\u00e4tverk med en integrerad marknadsf\u00f6ringsinsats, tillsammans med riktade e-postmeddelanden till relevanta talanger i v\u00e5rt n\u00e4tverk.<\/span>\n                                    <\/li>\n\n                                \n                                    <li class=\"flex items-center text-18px md:text-22px xl:text-24px huge:text-30px leading-none mb-6 md:mb-12 last:mb-0\">\n                                                                                    <img decoding=\"async\" class=\"mr-4\" src=\"https:\/\/www.trib.se\/wp-content\/themes\/trib\/img\/checkmark-black.svg\" \/>\n                                                                                <span><strong>Headhunting<\/strong> \u2013 Vi identifierar, utv\u00e4rderar och attraherar talanger till din befintliga rekryteringsprocess. L\u00e5t oss veta vad och vem du letar efter, s\u00e5 hittar vi dessa. .<\/span>\n                                    <\/li>\n\n                                \n                                    <li class=\"flex items-center text-18px md:text-22px xl:text-24px huge:text-30px leading-none mb-6 md:mb-12 last:mb-0\">\n                                                                                    <img decoding=\"async\" class=\"mr-4\" src=\"https:\/\/www.trib.se\/wp-content\/themes\/trib\/img\/checkmark-black.svg\" \/>\n                                                                                <span><strong>Quality Assurance<\/strong> \u2013 Kompetensbaserade djupintervjuer och strategier f\u00f6r kvalitetsbed\u00f6mning av kandidater.<\/span>\n                                    <\/li>\n\n                                \n                            <\/ul>\n                        \n                                                            <div class=\"mt-auto pt-12 block xl:hidden\">\n                                                                            <a class=\"btn black block  rounded\" href=\"https:\/\/www.trib.se\/how-can-we-help\/\" target=\"\">Kontakta oss<\/a>\n                                                                    <\/div>\n                            \n                    <\/div>\n                <\/div>\n\n            <\/div>\n\n        \n    <\/div>\n\n<\/section>\n\n\n\n<section class=\"info-page-block pt-0 pb-0 \">\n\n    <div class=\"holder\">\n\n        <div class=\"job-content-wrapper\">\n            <h1 class=\"font-spirit text-56px md:text-80px xl:text-136px huge:text-184px leading-none text-center mb-8 special-letter-spacing\">\n                V\u00e4lj bara <br\/>det du beh\u00f6ver            <\/h1>\n                                        <div class=\"job-content-text-wrapper\">\n\n                    <div class=\"wysiwyg md:text-18px xl:text-20px huge:text-24px py-6 md:py-12\">\n\n                        <p style=\"text-align: center;\">Tillsammans med v\u00e5ra kollegor, talanger och kunder har vi byggt upp ett n\u00e4tverk av briljanta m\u00e4nniskor och en process som ger dig tillg\u00e5ng till det du beh\u00f6ver.<\/p>\n<p style=\"text-align: center;\">Vi vet hur sv\u00e5rt det \u00e4r att attrahera och konvertera en dr\u00f6mkandidat. Vi vet att du vet detta och vet hur man g\u00f6r, men ibland kan det beh\u00f6vas en hj\u00e4lpande hand eller ny energi i processen.<\/p>\n\n                    <\/div>\n\n                <\/div>\n                    <\/div>\n\n    <\/div>\n\n<\/section>\n\n\n\n<section class=\"expandable-list pt-8 xl:pt-32 pb-16 xl:pb-32 \">\n\n    <div class=\"holder\">\n                    <div class=\"intro-content-holder\">\n                <h2 class=\"font-zuka text-32px md:text-48px xl:text-56px huge:text-80px leading-none mb-6\">Varf\u00f6r Trib?<\/h2>\n                <div class=\"font-zuka md:text-18px xl:text-20px huge:text-24px\">\n                                    <\/div>\n            <\/div>\n\n        \n    <\/div>\n\n    \n        <div class=\"vue-js pt-16 md:pt-32 js-expandable-list\" id=\"js-vue-expandable-list\">\n\n            \n                <expandable-item class=\"py-8 md:py-10 first-of-type:border-t border-b border-borderGrey\"\n                    title=\"Agila\"\n                    scroll=\"agila\"\n                    color=\"\"\n                >\n                    <p>Med en agil metodik och responsiv process arbetar vi i sprints i n\u00e4ra samarbete med alla involverade intressenter. Vi gr\u00e4ver djupt i aff\u00e4rsstrategier, tillv\u00e4xttaktik, produktutveckling och kultur f\u00f6r att identifiera och kartl\u00e4gga k\u00e4rnkompetenskrav \u2013 fr\u00e5n situationsanalys och profilering till aktivering, s\u00f6kning, headhunting och kvalitetss\u00e4kring.<\/p>\n                <\/expandable-item>\n\n\n            \n                <expandable-item class=\"py-8 md:py-10 first-of-type:border-t border-b border-borderGrey\"\n                    title=\"Verklig upplevelse\"\n                    scroll=\"verklig-upplevelse\"\n                    color=\"\"\n                >\n                    <p>Alla Talent Agents hos Trib \u00e4r f\u00f6re detta aff\u00e4rsutvecklare, marknadskommunikat\u00f6rer, digitala specialister och designexperter, som kommer att vara din strategiska partner och r\u00e5dgivare i varje givet uppdrag. Du kommer att tilldelas en Talent Agent skr\u00e4ddarsydd efter dina specifika behov, alltid med st\u00f6d av ett team som delar med sig av sina kunskaper och n\u00e4tverk f\u00f6r att skapa exponentiell synergi.<\/p>\n                <\/expandable-item>\n\n\n            \n                <expandable-item class=\"py-8 md:py-10 first-of-type:border-t border-b border-borderGrey\"\n                    title=\"Globalt n\u00e4tverk\"\n                    scroll=\"globalt-natverk\"\n                    color=\"\"\n                >\n                    <p>Vi har ett globalt och m\u00e5ngsidigt n\u00e4tverk av topptalanger. Fr\u00e5n f\u00e4rsk kunskap till h\u00f6gre chefsniv\u00e5 tillhandah\u00e5ller vi specialister inom marknadsf\u00f6ring, tillv\u00e4xt, produkt, design och teknik.<\/p>\n                <\/expandable-item>\n\n\n            \n                <expandable-item class=\"py-8 md:py-10 first-of-type:border-t border-b border-borderGrey\"\n                    title=\"L\u00e5ngsiktiga relationer\"\n                    scroll=\"langsiktiga-relationer\"\n                    color=\"\"\n                >\n                    <p>Vi t\u00e4nker alltid l\u00e5ngsiktigt, b\u00e5de n\u00e4r det g\u00e4ller kunder och kandidater. Vi ser det inte som att &#8221;bygga v\u00e5rt n\u00e4tverk&#8221;, vi v\u00e5rdar i sj\u00e4lva verket meningsfulla relationer.<\/p>\n                <\/expandable-item>\n\n\n            \n        <\/div>\n\n\n    \n<\/section>\n\n\n\n<section class=\"link-boxes pt-0 pb-16 xl:pb-32 \">\n\n    <div class=\"holder\">\n\n        <h2 class=\"text-24px md:text-28px lg:text-32px mb-10\">Beh\u00f6ver du n\u00e5got annat?<\/h2>\n\n        \n            <div class=\"flex flex-wrap lg:-mx-3\">\n\n                \n                    <div class=\"w-full lg:w-1\/2 lg:px-3 flex flex-col mb-2 lg:mb-6\">\n                                                    <a class=\"link-box block h-full purple p-6\" href=\"https:\/\/www.trib.se\/sv\/rekrytering\/\">\n\n                                <div class=\"block md:flex md:items-center lg:items-start lg:flex-col lg:h-full\">\n                                    <p class=\"text-22px xl:w-1\/2 lg:text-24px lg:mb-10\">Komplett rekryteringsst\u00f6d<\/p>\n\n                                    <h3 class=\"ml-auto mt-auto lg:ml-0 font-spirit text-48px lg:text-56px flex items-center special-letter-spacing\">\n                                        <span class=\"pr-4\">Permanent<\/span>\n                                        <div class=\"ml-auto link-box-arrow cubic\">\n                                            <svg width=\"36\" height=\"36\" viewBox=\"0 0 36 36\" fill=\"none\" xmlns=\"http:\/\/www.w3.org\/2000\/svg\">\n                                            <path d=\"M0.666748 18H33.3334\" stroke=\"#101326\" stroke-width=\"3\" stroke-linejoin=\"round\"\/>\n                                            <path d=\"M17 1.6665L33.3333 17.9999L17 34.3332\" stroke=\"#101326\" stroke-width=\"3\"\/>\n                                            <\/svg>\n                                        <\/div>\n                                    <\/h3>\n                                <\/div>\n\n                            <\/a>\n                        \n                    <\/div>\n\n\n                \n                    <div class=\"w-full lg:w-1\/2 lg:px-3 flex flex-col mb-2 lg:mb-6\">\n                                                    <a class=\"link-box block h-full neon p-6\" href=\"https:\/\/www.trib.se\/sv\/frilans\/\">\n\n                                <div class=\"block md:flex md:items-center lg:items-start lg:flex-col lg:h-full\">\n                                    <p class=\"text-22px xl:w-1\/2 lg:text-24px lg:mb-10\">Topptalanger och team vid specifika behov<\/p>\n\n                                    <h3 class=\"ml-auto mt-auto lg:ml-0 font-spirit text-48px lg:text-56px flex items-center special-letter-spacing\">\n                                        <span class=\"pr-4\">Freelance<\/span>\n                                        <div class=\"ml-auto link-box-arrow cubic\">\n                                            <svg width=\"36\" height=\"36\" viewBox=\"0 0 36 36\" fill=\"none\" xmlns=\"http:\/\/www.w3.org\/2000\/svg\">\n                                            <path d=\"M0.666748 18H33.3334\" stroke=\"#101326\" stroke-width=\"3\" stroke-linejoin=\"round\"\/>\n                                            <path d=\"M17 1.6665L33.3333 17.9999L17 34.3332\" stroke=\"#101326\" stroke-width=\"3\"\/>\n                                            <\/svg>\n                                        <\/div>\n                                    <\/h3>\n                                <\/div>\n\n                            <\/a>\n                        \n                    <\/div>\n\n\n                \n            <\/div>\n\n        \n    <\/div>\n\n<\/section>\n","protected":false},"excerpt":{"rendered":"","protected":false},"author":1,"featured_media":0,"parent":0,"menu_order":0,"comment_status":"closed","ping_status":"closed","template":"","meta":{"_acf_changed":false,"footnotes":""},"class_list":["post-6687","page","type-page","status-publish","hentry"],"acf":[],"yoast_head":"<!-- This site is optimized with the Yoast SEO plugin v27.4 - https:\/\/yoast.com\/product\/yoast-seo-wordpress\/ -->\n<title>Support - Trib<\/title>\n<meta name=\"robots\" content=\"index, follow, max-snippet:-1, max-image-preview:large, max-video-preview:-1\" \/>\n<link rel=\"canonical\" href=\"https:\/\/www.trib.se\/sv\/var-support\/\" \/>\n<meta property=\"og:locale\" content=\"sv_SE\" \/>\n<meta property=\"og:type\" content=\"article\" \/>\n<meta property=\"og:title\" content=\"Support - Trib\" \/>\n<meta property=\"og:url\" content=\"https:\/\/www.trib.se\/sv\/var-support\/\" \/>\n<meta property=\"og:site_name\" content=\"Trib\" \/>\n<meta property=\"article:modified_time\" content=\"2023-01-17T12:04:29+00:00\" \/>\n<meta property=\"og:image\" content=\"https:\/\/www.trib.se\/wp-content\/uploads\/2022\/08\/og_image.jpg\" \/>\n\t<meta property=\"og:image:width\" content=\"1200\" \/>\n\t<meta property=\"og:image:height\" content=\"637\" \/>\n\t<meta property=\"og:image:type\" content=\"image\/jpeg\" \/>\n<meta name=\"twitter:card\" content=\"summary_large_image\" \/>\n<script type=\"application\/ld+json\" class=\"yoast-schema-graph\">{\"@context\":\"https:\\\/\\\/schema.org\",\"@graph\":[{\"@type\":\"WebPage\",\"@id\":\"https:\\\/\\\/www.trib.se\\\/sv\\\/var-support\\\/\",\"url\":\"https:\\\/\\\/www.trib.se\\\/sv\\\/var-support\\\/\",\"name\":\"Support - Trib\",\"isPartOf\":{\"@id\":\"https:\\\/\\\/www.trib.se\\\/#website\"},\"datePublished\":\"2022-10-11T18:53:18+00:00\",\"dateModified\":\"2023-01-17T12:04:29+00:00\",\"breadcrumb\":{\"@id\":\"https:\\\/\\\/www.trib.se\\\/sv\\\/var-support\\\/#breadcrumb\"},\"inLanguage\":\"sv-SE\",\"potentialAction\":[{\"@type\":\"ReadAction\",\"target\":[\"https:\\\/\\\/www.trib.se\\\/sv\\\/var-support\\\/\"]}]},{\"@type\":\"BreadcrumbList\",\"@id\":\"https:\\\/\\\/www.trib.se\\\/sv\\\/var-support\\\/#breadcrumb\",\"itemListElement\":[{\"@type\":\"ListItem\",\"position\":1,\"name\":\"Home\",\"item\":\"https:\\\/\\\/www.trib.se\\\/sv\\\/\"},{\"@type\":\"ListItem\",\"position\":2,\"name\":\"Support\"}]},{\"@type\":\"WebSite\",\"@id\":\"https:\\\/\\\/www.trib.se\\\/#website\",\"url\":\"https:\\\/\\\/www.trib.se\\\/\",\"name\":\"Trib\",\"description\":\"Stockholm-based talent expert, freelance agent and headhunter\",\"potentialAction\":[{\"@type\":\"SearchAction\",\"target\":{\"@type\":\"EntryPoint\",\"urlTemplate\":\"https:\\\/\\\/www.trib.se\\\/?s={search_term_string}\"},\"query-input\":{\"@type\":\"PropertyValueSpecification\",\"valueRequired\":true,\"valueName\":\"search_term_string\"}}],\"inLanguage\":\"sv-SE\"}]}<\/script>\n<!-- \/ Yoast SEO plugin. -->","yoast_head_json":{"title":"Support - Trib","robots":{"index":"index","follow":"follow","max-snippet":"max-snippet:-1","max-image-preview":"max-image-preview:large","max-video-preview":"max-video-preview:-1"},"canonical":"https:\/\/www.trib.se\/sv\/var-support\/","og_locale":"sv_SE","og_type":"article","og_title":"Support - Trib","og_url":"https:\/\/www.trib.se\/sv\/var-support\/","og_site_name":"Trib","article_modified_time":"2023-01-17T12:04:29+00:00","og_image":[{"width":1200,"height":637,"url":"https:\/\/www.trib.se\/wp-content\/uploads\/2022\/08\/og_image.jpg","type":"image\/jpeg"}],"twitter_card":"summary_large_image","schema":{"@context":"https:\/\/schema.org","@graph":[{"@type":"WebPage","@id":"https:\/\/www.trib.se\/sv\/var-support\/","url":"https:\/\/www.trib.se\/sv\/var-support\/","name":"Support - Trib","isPartOf":{"@id":"https:\/\/www.trib.se\/#website"},"datePublished":"2022-10-11T18:53:18+00:00","dateModified":"2023-01-17T12:04:29+00:00","breadcrumb":{"@id":"https:\/\/www.trib.se\/sv\/var-support\/#breadcrumb"},"inLanguage":"sv-SE","potentialAction":[{"@type":"ReadAction","target":["https:\/\/www.trib.se\/sv\/var-support\/"]}]},{"@type":"BreadcrumbList","@id":"https:\/\/www.trib.se\/sv\/var-support\/#breadcrumb","itemListElement":[{"@type":"ListItem","position":1,"name":"Home","item":"https:\/\/www.trib.se\/sv\/"},{"@type":"ListItem","position":2,"name":"Support"}]},{"@type":"WebSite","@id":"https:\/\/www.trib.se\/#website","url":"https:\/\/www.trib.se\/","name":"Trib","description":"Stockholm-based talent expert, freelance agent and headhunter","potentialAction":[{"@type":"SearchAction","target":{"@type":"EntryPoint","urlTemplate":"https:\/\/www.trib.se\/?s={search_term_string}"},"query-input":{"@type":"PropertyValueSpecification","valueRequired":true,"valueName":"search_term_string"}}],"inLanguage":"sv-SE"}]}},"_links":{"self":[{"href":"https:\/\/www.trib.se\/sv\/wp-json\/wp\/v2\/pages\/6687","targetHints":{"allow":["GET"]}}],"collection":[{"href":"https:\/\/www.trib.se\/sv\/wp-json\/wp\/v2\/pages"}],"about":[{"href":"https:\/\/www.trib.se\/sv\/wp-json\/wp\/v2\/types\/page"}],"author":[{"embeddable":true,"href":"https:\/\/www.trib.se\/sv\/wp-json\/wp\/v2\/users\/1"}],"replies":[{"embeddable":true,"href":"https:\/\/www.trib.se\/sv\/wp-json\/wp\/v2\/comments?post=6687"}],"version-history":[{"count":93,"href":"https:\/\/www.trib.se\/sv\/wp-json\/wp\/v2\/pages\/6687\/revisions"}],"predecessor-version":[{"id":8015,"href":"https:\/\/www.trib.se\/sv\/wp-json\/wp\/v2\/pages\/6687\/revisions\/8015"}],"wp:attachment":[{"href":"https:\/\/www.trib.se\/sv\/wp-json\/wp\/v2\/media?parent=6687"}],"curies":[{"name":"wp","href":"https:\/\/api.w.org\/{rel}","templated":true}]}}