{"id":6670,"date":"2022-08-23T13:58:27","date_gmt":"2022-08-23T13:58:27","guid":{"rendered":"https:\/\/www.trib.se\/?page_id=6670"},"modified":"2023-01-17T10:57:47","modified_gmt":"2023-01-17T10:57:47","slug":"om-oss","status":"publish","type":"page","link":"https:\/\/www.trib.se\/sv\/om-oss\/","title":{"rendered":"Om oss"},"content":{"rendered":"\n<section class=\"hero-small pt-16 md:pt-32 pb-16 md:pb-32 \">\n\n    <div class=\"holder\">\n\n        <div class=\"small-hero-content text-center\">\n            <h1 class=\"text-88px md:text-168px xl:text-288px leading-none mb-4 md:mb-16 special-letter-spacing\"><span class=\"font-spirit\">Om<\/span> oss<\/h1>\n            <div class=\"md:text-18px xl:text-20px content-holder\">\n                <p>Vi matchar topptalanger och team med deras dr\u00f6mjobb, vilket f\u00e5r b\u00e5de organisationer och individer att v\u00e4xa och utvecklas.<\/p>\n            <\/div>\n            \n                    <\/div>\n\n    <\/div>\n\n<\/section>\n\n\n\n<section class=\"large-img-text pt-0 pb-32 xl:pb-64 \">\n\n    <div class=\"holder\">\n                <div class=\"article-preamble-holder\">\n            <div class=\"text-24px md:text-28px xl:text-32px\">\n                <p>Vi \u00e4r en rekryteringsbyr\u00e5 baserad i Stockholm med hela v\u00e4rlden som marknad. Sedan starten 2010 har vi valt alla v\u00e5ra uppdrag med omsorg och byggt upp ett stort n\u00e4tverk av f\u00f6rstklassiga m\u00e4nniskor.<\/p>\n            <\/div>\n        <\/div>\n    <\/div>\n\n<\/section>\n\n\n\n<section class=\"parallax-gallery pt-0 pb-32 xl:pb-64 \" id=\"js-parallax\">\n\n    <div class=\"holder relative non-mobile-holder\">\n        <div class=\"parallax-holder\">\n            \n                <div class=\"first-image rellax hidden md:block\" data-rellax-speed=\"1\">\n\n                    <lottie :delayed-start=\"true\" url=\"https:\/\/www.trib.se\/wp-content\/themes\/trib\/animations\/about-dark.json\"><\/lottie>\n\n                <\/div>\n\n            \n            \n            \n                <div class=\"third-image rellax\" data-rellax-speed=\"3\">\n\n                    <picture class=\"block w-full\">\n\t<source media=\"(max-width: 767px)\" data-srcset=\"https:\/\/images.ohmyhosting.se\/4CznWZwbBa5jQjS0HPNlWPHUQPc=\/310x380\/smart\/filters:quality(85)\/https%3A%2F%2Fwww.trib.se%2Fwp-content%2Fuploads%2F2022%2F10%2F1.jpg 1x, https:\/\/images.ohmyhosting.se\/jmV0LK2VYw3jQDtDYmupUT6DbGY=\/620x760\/smart\/filters:quality(85)\/https%3A%2F%2Fwww.trib.se%2Fwp-content%2Fuploads%2F2022%2F10%2F1.jpg 2x\">\n\t<source media=\"(max-width: 1023px)\" data-srcset=\"https:\/\/images.ohmyhosting.se\/4CznWZwbBa5jQjS0HPNlWPHUQPc=\/310x380\/smart\/filters:quality(85)\/https%3A%2F%2Fwww.trib.se%2Fwp-content%2Fuploads%2F2022%2F10%2F1.jpg 1x, https:\/\/images.ohmyhosting.se\/jmV0LK2VYw3jQDtDYmupUT6DbGY=\/620x760\/smart\/filters:quality(85)\/https%3A%2F%2Fwww.trib.se%2Fwp-content%2Fuploads%2F2022%2F10%2F1.jpg 2x\">\n\t<img class=\"lazyload w-full\" loading=\"lazy\" data-src=\"https:\/\/images.ohmyhosting.se\/jmV0LK2VYw3jQDtDYmupUT6DbGY=\/620x760\/smart\/filters:quality(85)\/https%3A%2F%2Fwww.trib.se%2Fwp-content%2Fuploads%2F2022%2F10%2F1.jpg\" alt=\"\">\n<\/picture>\n\n                <\/div>\n\n            \n            \n                <div class=\"fourth-image rellax\" data-rellax-speed=\"2\">\n\n                    <picture class=\"block w-full\">\n\t<source media=\"(max-width: 767px)\" data-srcset=\"https:\/\/images.ohmyhosting.se\/X8J1vdRzBzfqrYaZfresPGtwLe8=\/533x400\/smart\/filters:quality(85)\/https%3A%2F%2Fwww.trib.se%2Fwp-content%2Fuploads%2F2022%2F10%2F2.jpg 1x, https:\/\/images.ohmyhosting.se\/QmGvMOctca_KSeOajI0kramXgQg=\/1066x800\/smart\/filters:quality(85)\/https%3A%2F%2Fwww.trib.se%2Fwp-content%2Fuploads%2F2022%2F10%2F2.jpg 2x\">\n\t<source media=\"(max-width: 1023px)\" data-srcset=\"https:\/\/images.ohmyhosting.se\/X8J1vdRzBzfqrYaZfresPGtwLe8=\/533x400\/smart\/filters:quality(85)\/https%3A%2F%2Fwww.trib.se%2Fwp-content%2Fuploads%2F2022%2F10%2F2.jpg 1x, https:\/\/images.ohmyhosting.se\/QmGvMOctca_KSeOajI0kramXgQg=\/1066x800\/smart\/filters:quality(85)\/https%3A%2F%2Fwww.trib.se%2Fwp-content%2Fuploads%2F2022%2F10%2F2.jpg 2x\">\n\t<img class=\"lazyload w-full\" loading=\"lazy\" data-src=\"https:\/\/images.ohmyhosting.se\/QmGvMOctca_KSeOajI0kramXgQg=\/1066x800\/smart\/filters:quality(85)\/https%3A%2F%2Fwww.trib.se%2Fwp-content%2Fuploads%2F2022%2F10%2F2.jpg\" alt=\"\">\n<\/picture>\n\n                <\/div>\n\n                    <\/div>\n\n\n    <\/div>\n\n<\/section>\n\n\n\n<section class=\"text-with-label pt-0 pb-32 xl:pb-64 bg-pink text-darkness\">\n\n    <div class=\"holder\">\n\n        <div class=\"flex flex-col lg:flex-row lg:pl-20 lg:pr-0\">\n            <div class=\"lg:pt-4 mb-4 lg:mb-0\">\n                <h3 class=\"text-18px md:text-22px lg:text-24px leading-none\">V\u00e5r mission<\/h3>\n            <\/div>\n            <div class=\" lg:w-7\/10 ml-auto\">\n                <div class=\"text-with-label-content\">\n                    <h2 class=\"text-48px md:text-72px xl:text-88px leading-none mb-6 special-letter-spacing\">We are all<br \/>\r\n<span class=\"font-spirit\">about change<\/span><\/h2>\n                    <div class=\"wysiwyg md:text-18px lg:text-20px\">\n                        <p>V\u00e5rt huvudsakliga fokus och anledning till v\u00e5r existens \u00e4r att hj\u00e4lpa individer och team att utvecklas i sin personliga utveckling och karri\u00e4r. Vi matchar talanger med m\u00f6jligheter, individer med organisationer och visioner med f\u00e4rdigheter. Detta kr\u00e4ver erfarenhet, fingetoppsk\u00e4nsla och noggrannhet. Vi tillhandah\u00e5ller allt.<\/p>\n                    <\/div>\n                                    <\/div>\n\n            <\/div>\n        <\/div>\n\n    <\/div>\n\n<\/section>\n\n\n\n<section class=\"text-with-list pt-32 xl:pt-64 pb-0 bg-darkness text-white\">\n\n    <div class=\"holder\">\n\n        <div class=\"flex flex-col xl:flex-row lg:pr-0\">\n            <div class=\"w-full xl:w-1\/2 md:pr-52 mb-16 xl:mb-0\">\n                <h2 class=\"text-48px md:text-72px xl:text-88px leading-none mb-6 special-letter-spacing\">V\u00e5ra <span class=\"font-spirit\">erbjudanden<\/span><\/h2>\n                <div class=\"wysiwyg text-18px md:text-22px lg:text-20px\">\n                    <p>Vi fokuserar p\u00e5 att l\u00f6sa behoven hos snabbr\u00f6rliga industrier genom att utnyttja v\u00e5r insiderkunskap och v\u00e5rt gedigna n\u00e4tverk. Oavsett om det \u00e4r tillf\u00e4lligt eller l\u00e5ngsiktigt, en hel rekrytering eller bara delar av processen, ett helt team eller en individ, en second opinion eller coaching s\u00e5 har vi en l\u00f6sning f\u00f6r din organisation.<\/p>\n                <\/div>\n            <\/div>\n            <div class=\"w-full xl:w-1\/2 ml-auto\">\n\n                \n                    <div class=\"flex justify-between md:pr-52\">\n\n                        \n                            <div class=\"xl:px-8 last-of-type:pr-0 pr-8 md:pr-16\">\n                                <h3 class=\"md:text-18px lg:text-24px mb-6\">Omr\u00e5den<\/h3>\n                                \n                                    <h4 class=\"leading-none text-pink text-28px md:text-32px xl:text-44px mb-4\">Service<\/h4>\n\n                                \n                                    <h4 class=\"leading-none text-pink text-28px md:text-32px xl:text-44px mb-4\">Growth<\/h4>\n\n                                \n                                    <h4 class=\"leading-none text-pink text-28px md:text-32px xl:text-44px mb-4\">Marketing<\/h4>\n\n                                \n                                    <h4 class=\"leading-none text-pink text-28px md:text-32px xl:text-44px mb-4\">Tech<\/h4>\n\n                                \n                                    <h4 class=\"leading-none text-pink text-28px md:text-32px xl:text-44px mb-4\">Product<\/h4>\n\n                                \n                                    <h4 class=\"leading-none text-pink text-28px md:text-32px xl:text-44px mb-4\">Design<\/h4>\n\n                                                            <\/div>\n\n\n                        \n                            <div class=\"xl:px-8 last-of-type:pr-0 pr-8 md:pr-16\">\n                                <h3 class=\"md:text-18px lg:text-24px mb-6\">Niv\u00e5er<\/h3>\n                                \n                                    <h4 class=\"leading-none text-pink text-28px md:text-32px xl:text-44px mb-4\">Junior<\/h4>\n\n                                \n                                    <h4 class=\"leading-none text-pink text-28px md:text-32px xl:text-44px mb-4\">Mid<\/h4>\n\n                                \n                                    <h4 class=\"leading-none text-pink text-28px md:text-32px xl:text-44px mb-4\">Senior<\/h4>\n\n                                \n                                    <h4 class=\"leading-none text-pink text-28px md:text-32px xl:text-44px mb-4\">Management<\/h4>\n\n                                \n                                    <h4 class=\"leading-none text-pink text-28px md:text-32px xl:text-44px mb-4\">Executive<\/h4>\n\n                                \n                                    <h4 class=\"leading-none text-pink text-28px md:text-32px xl:text-44px mb-4\">Board<\/h4>\n\n                                                            <\/div>\n\n\n                        \n                    <\/div>\n\n                \n            <\/div>\n        <\/div>\n\n    <\/div>\n\n<\/section>\n\n\n\n<section class=\"text-with-label pt-32 xl:pt-64 pb-32 xl:pb-64 bg-darkness text-white\">\n\n    <div class=\"holder\">\n\n        <div class=\"flex flex-col lg:flex-row lg:pl-20 lg:pr-0\">\n            <div class=\"lg:pt-4 mb-4 lg:mb-0\">\n                <h3 class=\"text-18px md:text-22px lg:text-24px leading-none\">The team<\/h3>\n            <\/div>\n            <div class=\" lg:w-7\/10 ml-auto\">\n                <div class=\"text-with-label-content\">\n                    <h2 class=\"text-48px md:text-72px xl:text-88px leading-none mb-6 special-letter-spacing\">Real-world<br \/>\r\n<span class=\"font-spirit\">experience<\/span><\/h2>\n                    <div class=\"wysiwyg md:text-18px lg:text-20px\">\n                        <p>V\u00e5ra talangagenter har tillbringat m\u00e5nga \u00e5r i branschen med roller som vi idag rekryterar till. Vi k\u00e4nner till och f\u00f6rst\u00e5r perspektiven hos b\u00e5de v\u00e5ra kandidater och kunder, vi vet vad ni g\u00f6r p\u00e5 jobbet. Vi \u00e4lskar att vara en del av f\u00f6r\u00e4ndring, i b\u00e5de f\u00f6retags och m\u00e4nniskors liv och anv\u00e4nder v\u00e5r passion och kunskap f\u00f6r att m\u00f6jligg\u00f6ra det.<\/p>\n                    <\/div>\n                    \n                        <div class=\"mt-16\">\n                            <a class=\"btn purple small full-rounded\" href=\"https:\/\/www.trib.se\/the-team\/\" target=\"\">Meet the team<\/a>\n                        <\/div>\n\n\n\n                                    <\/div>\n\n            <\/div>\n        <\/div>\n\n    <\/div>\n\n<\/section>\n","protected":false},"excerpt":{"rendered":"","protected":false},"author":1,"featured_media":0,"parent":0,"menu_order":0,"comment_status":"closed","ping_status":"closed","template":"","meta":{"_acf_changed":false,"footnotes":""},"class_list":["post-6670","page","type-page","status-publish","hentry"],"acf":[],"yoast_head":"<!-- This site is optimized with the Yoast SEO plugin v27.5 - https:\/\/yoast.com\/product\/yoast-seo-wordpress\/ -->\n<title>Om oss - Trib<\/title>\n<meta name=\"robots\" content=\"index, follow, max-snippet:-1, max-image-preview:large, max-video-preview:-1\" \/>\n<link rel=\"canonical\" href=\"https:\/\/www.trib.se\/sv\/om-oss\/\" \/>\n<meta property=\"og:locale\" content=\"sv_SE\" \/>\n<meta property=\"og:type\" content=\"article\" \/>\n<meta property=\"og:title\" content=\"Om oss - Trib\" \/>\n<meta property=\"og:url\" content=\"https:\/\/www.trib.se\/sv\/om-oss\/\" \/>\n<meta property=\"og:site_name\" content=\"Trib\" \/>\n<meta property=\"article:modified_time\" content=\"2023-01-17T10:57:47+00:00\" \/>\n<meta property=\"og:image\" content=\"https:\/\/www.trib.se\/wp-content\/uploads\/2022\/08\/og_image.jpg\" \/>\n\t<meta property=\"og:image:width\" content=\"1200\" \/>\n\t<meta property=\"og:image:height\" content=\"637\" \/>\n\t<meta property=\"og:image:type\" content=\"image\/jpeg\" \/>\n<meta name=\"twitter:card\" content=\"summary_large_image\" \/>\n<script type=\"application\/ld+json\" class=\"yoast-schema-graph\">{\"@context\":\"https:\\\/\\\/schema.org\",\"@graph\":[{\"@type\":\"WebPage\",\"@id\":\"https:\\\/\\\/www.trib.se\\\/sv\\\/om-oss\\\/\",\"url\":\"https:\\\/\\\/www.trib.se\\\/sv\\\/om-oss\\\/\",\"name\":\"Om oss - Trib\",\"isPartOf\":{\"@id\":\"https:\\\/\\\/www.trib.se\\\/#website\"},\"datePublished\":\"2022-08-23T13:58:27+00:00\",\"dateModified\":\"2023-01-17T10:57:47+00:00\",\"breadcrumb\":{\"@id\":\"https:\\\/\\\/www.trib.se\\\/sv\\\/om-oss\\\/#breadcrumb\"},\"inLanguage\":\"sv-SE\",\"potentialAction\":[{\"@type\":\"ReadAction\",\"target\":[\"https:\\\/\\\/www.trib.se\\\/sv\\\/om-oss\\\/\"]}]},{\"@type\":\"BreadcrumbList\",\"@id\":\"https:\\\/\\\/www.trib.se\\\/sv\\\/om-oss\\\/#breadcrumb\",\"itemListElement\":[{\"@type\":\"ListItem\",\"position\":1,\"name\":\"Home\",\"item\":\"https:\\\/\\\/www.trib.se\\\/sv\\\/\"},{\"@type\":\"ListItem\",\"position\":2,\"name\":\"Om oss\"}]},{\"@type\":\"WebSite\",\"@id\":\"https:\\\/\\\/www.trib.se\\\/#website\",\"url\":\"https:\\\/\\\/www.trib.se\\\/\",\"name\":\"Trib\",\"description\":\"Stockholm-based talent expert, freelance agent and headhunter\",\"potentialAction\":[{\"@type\":\"SearchAction\",\"target\":{\"@type\":\"EntryPoint\",\"urlTemplate\":\"https:\\\/\\\/www.trib.se\\\/?s={search_term_string}\"},\"query-input\":{\"@type\":\"PropertyValueSpecification\",\"valueRequired\":true,\"valueName\":\"search_term_string\"}}],\"inLanguage\":\"sv-SE\"}]}<\/script>\n<!-- \/ Yoast SEO plugin. -->","yoast_head_json":{"title":"Om oss - Trib","robots":{"index":"index","follow":"follow","max-snippet":"max-snippet:-1","max-image-preview":"max-image-preview:large","max-video-preview":"max-video-preview:-1"},"canonical":"https:\/\/www.trib.se\/sv\/om-oss\/","og_locale":"sv_SE","og_type":"article","og_title":"Om oss - Trib","og_url":"https:\/\/www.trib.se\/sv\/om-oss\/","og_site_name":"Trib","article_modified_time":"2023-01-17T10:57:47+00:00","og_image":[{"width":1200,"height":637,"url":"https:\/\/www.trib.se\/wp-content\/uploads\/2022\/08\/og_image.jpg","type":"image\/jpeg"}],"twitter_card":"summary_large_image","schema":{"@context":"https:\/\/schema.org","@graph":[{"@type":"WebPage","@id":"https:\/\/www.trib.se\/sv\/om-oss\/","url":"https:\/\/www.trib.se\/sv\/om-oss\/","name":"Om oss - Trib","isPartOf":{"@id":"https:\/\/www.trib.se\/#website"},"datePublished":"2022-08-23T13:58:27+00:00","dateModified":"2023-01-17T10:57:47+00:00","breadcrumb":{"@id":"https:\/\/www.trib.se\/sv\/om-oss\/#breadcrumb"},"inLanguage":"sv-SE","potentialAction":[{"@type":"ReadAction","target":["https:\/\/www.trib.se\/sv\/om-oss\/"]}]},{"@type":"BreadcrumbList","@id":"https:\/\/www.trib.se\/sv\/om-oss\/#breadcrumb","itemListElement":[{"@type":"ListItem","position":1,"name":"Home","item":"https:\/\/www.trib.se\/sv\/"},{"@type":"ListItem","position":2,"name":"Om oss"}]},{"@type":"WebSite","@id":"https:\/\/www.trib.se\/#website","url":"https:\/\/www.trib.se\/","name":"Trib","description":"Stockholm-based talent expert, freelance agent and headhunter","potentialAction":[{"@type":"SearchAction","target":{"@type":"EntryPoint","urlTemplate":"https:\/\/www.trib.se\/?s={search_term_string}"},"query-input":{"@type":"PropertyValueSpecification","valueRequired":true,"valueName":"search_term_string"}}],"inLanguage":"sv-SE"}]}},"_links":{"self":[{"href":"https:\/\/www.trib.se\/sv\/wp-json\/wp\/v2\/pages\/6670","targetHints":{"allow":["GET"]}}],"collection":[{"href":"https:\/\/www.trib.se\/sv\/wp-json\/wp\/v2\/pages"}],"about":[{"href":"https:\/\/www.trib.se\/sv\/wp-json\/wp\/v2\/types\/page"}],"author":[{"embeddable":true,"href":"https:\/\/www.trib.se\/sv\/wp-json\/wp\/v2\/users\/1"}],"replies":[{"embeddable":true,"href":"https:\/\/www.trib.se\/sv\/wp-json\/wp\/v2\/comments?post=6670"}],"version-history":[{"count":29,"href":"https:\/\/www.trib.se\/sv\/wp-json\/wp\/v2\/pages\/6670\/revisions"}],"predecessor-version":[{"id":7992,"href":"https:\/\/www.trib.se\/sv\/wp-json\/wp\/v2\/pages\/6670\/revisions\/7992"}],"wp:attachment":[{"href":"https:\/\/www.trib.se\/sv\/wp-json\/wp\/v2\/media?parent=6670"}],"curies":[{"name":"wp","href":"https:\/\/api.w.org\/{rel}","templated":true}]}}